{"id":2124,"date":"2024-05-16T12:31:47","date_gmt":"2024-05-16T12:31:47","guid":{"rendered":"https:\/\/balatonalmadiszallas.hu\/product\/triple-package\/"},"modified":"2024-06-05T11:49:20","modified_gmt":"2024-06-05T11:49:20","slug":"triple-package","status":"publish","type":"product","link":"https:\/\/balatonalmadiszallas.hu\/en\/product\/triple-package\/","title":{"rendered":"Triple package"},"content":{"rendered":"<p>Madar\u00e1sz Deluxe Guesthouses are located in Balatonalmadi, near Lake Balaton. If you want to relax with your family or friends in a quiet and peaceful environment, but still close to the hustle and bustle of Lake Balaton, then you have found the best place! Our three guesthouses, located close to each other, are perfect for your stay:<\/p>\n<ul>\n<li>For small or large groups of friends looking to relax<\/li>\n<li>For families with several generations,<\/li>\n<li>For groups of families with several generations of friends<\/li>\n<li>Retreats and self-study groups<\/li>\n<li>For corporate retreats<\/li>\n<li>For adult camp accommodation<\/li>\n<\/ul>\n<p>We can accommodate a total of 24 people in the Madar\u00e1sz Delux Guesthouses.<\/p>\n","protected":false},"excerpt":{"rendered":"<p>Madar\u00e1sz Deluxe Guesthouses are located in Balatonalmadi, near Lake Balaton. [&hellip;]<\/p>\n","protected":false},"featured_media":1442,"template":"","meta":[],"product_brand":[],"product_cat":[26],"product_tag":[],"class_list":{"0":"post-2124","1":"product","2":"type-product","3":"status-publish","4":"has-post-thumbnail","6":"product_cat-booking","8":"first","9":"instock","10":"sold-individually","11":"shipping-taxable","12":"purchasable","13":"product-type-booking"},"yoast_head":"<!-- This site is optimized with the Yoast SEO plugin v27.2 - https:\/\/yoast.com\/product\/yoast-seo-wordpress\/ -->\n<title>Triple package - Balatonalm\u00e1di Madar\u00e1sz Deluxe Guest Houses<\/title>\n<meta name=\"robots\" content=\"index, follow, max-snippet:-1, max-image-preview:large, max-video-preview:-1\" \/>\n<link rel=\"canonical\" href=\"https:\/\/balatonalmadiszallas.hu\/en\/product\/triple-package\/\" \/>\n<meta property=\"og:locale\" content=\"en_US\" \/>\n<meta property=\"og:type\" content=\"article\" \/>\n<meta property=\"og:title\" content=\"Triple package - Balatonalm\u00e1di Madar\u00e1sz Deluxe Guest Houses\" \/>\n<meta property=\"og:description\" content=\"Madar\u00e1sz Deluxe Guesthouses are located in Balatonalmadi, near Lake Balaton. [&hellip;]\" \/>\n<meta property=\"og:url\" content=\"https:\/\/balatonalmadiszallas.hu\/en\/product\/triple-package\/\" \/>\n<meta property=\"og:site_name\" content=\"Balatonalm\u00e1di Madar\u00e1sz Deluxe Guest Houses\" \/>\n<meta property=\"article:modified_time\" content=\"2024-06-05T11:49:20+00:00\" \/>\n<meta property=\"og:image\" content=\"https:\/\/balatonalmadiszallas.hu\/wp-content\/uploads\/2024\/05\/428441883.jpg\" \/>\n\t<meta property=\"og:image:width\" content=\"1024\" \/>\n\t<meta property=\"og:image:height\" content=\"683\" \/>\n\t<meta property=\"og:image:type\" content=\"image\/jpeg\" \/>\n<meta name=\"twitter:card\" content=\"summary_large_image\" \/>\n<meta name=\"twitter:label1\" content=\"Est. reading time\" \/>\n\t<meta name=\"twitter:data1\" content=\"1 minute\" \/>\n<script type=\"application\/ld+json\" class=\"yoast-schema-graph\">{\"@context\":\"https:\/\/schema.org\",\"@graph\":[{\"@type\":\"WebPage\",\"@id\":\"https:\/\/balatonalmadiszallas.hu\/en\/product\/triple-package\/\",\"url\":\"https:\/\/balatonalmadiszallas.hu\/en\/product\/triple-package\/\",\"name\":\"Triple package - Balatonalm\u00e1di Madar\u00e1sz Deluxe Guest Houses\",\"isPartOf\":{\"@id\":\"https:\/\/balatonalmadiszallas.hu\/en\/#website\"},\"primaryImageOfPage\":{\"@id\":\"https:\/\/balatonalmadiszallas.hu\/en\/product\/triple-package\/#primaryimage\"},\"image\":{\"@id\":\"https:\/\/balatonalmadiszallas.hu\/en\/product\/triple-package\/#primaryimage\"},\"thumbnailUrl\":\"https:\/\/balatonalmadiszallas.hu\/wp-content\/uploads\/2024\/05\/428441883.jpg\",\"datePublished\":\"2024-05-16T12:31:47+00:00\",\"dateModified\":\"2024-06-05T11:49:20+00:00\",\"breadcrumb\":{\"@id\":\"https:\/\/balatonalmadiszallas.hu\/en\/product\/triple-package\/#breadcrumb\"},\"inLanguage\":\"en-US\",\"potentialAction\":[{\"@type\":\"ReadAction\",\"target\":[\"https:\/\/balatonalmadiszallas.hu\/en\/product\/triple-package\/\"]}]},{\"@type\":\"ImageObject\",\"inLanguage\":\"en-US\",\"@id\":\"https:\/\/balatonalmadiszallas.hu\/en\/product\/triple-package\/#primaryimage\",\"url\":\"https:\/\/balatonalmadiszallas.hu\/wp-content\/uploads\/2024\/05\/428441883.jpg\",\"contentUrl\":\"https:\/\/balatonalmadiszallas.hu\/wp-content\/uploads\/2024\/05\/428441883.jpg\",\"width\":1024,\"height\":683},{\"@type\":\"BreadcrumbList\",\"@id\":\"https:\/\/balatonalmadiszallas.hu\/en\/product\/triple-package\/#breadcrumb\",\"itemListElement\":[{\"@type\":\"ListItem\",\"position\":1,\"name\":\"Kezd\u0151lap\",\"item\":\"https:\/\/balatonalmadiszallas.hu\/en\/\"},{\"@type\":\"ListItem\",\"position\":2,\"name\":\"Vend\u00e9gh\u00e1zak\",\"item\":\"https:\/\/balatonalmadiszallas.hu\/vendeghazak\/\"},{\"@type\":\"ListItem\",\"position\":3,\"name\":\"Triple package\"}]},{\"@type\":\"WebSite\",\"@id\":\"https:\/\/balatonalmadiszallas.hu\/en\/#website\",\"url\":\"https:\/\/balatonalmadiszallas.hu\/en\/\",\"name\":\"Balatonalm\u00e1di Madar\u00e1sz Deluxe Vend\u00e9gh\u00e1zak\",\"description\":\"\",\"potentialAction\":[{\"@type\":\"SearchAction\",\"target\":{\"@type\":\"EntryPoint\",\"urlTemplate\":\"https:\/\/balatonalmadiszallas.hu\/en\/?s={search_term_string}\"},\"query-input\":{\"@type\":\"PropertyValueSpecification\",\"valueRequired\":true,\"valueName\":\"search_term_string\"}}],\"inLanguage\":\"en-US\"}]}<\/script>\n<!-- \/ Yoast SEO plugin. -->","yoast_head_json":{"title":"Triple package - Balatonalm\u00e1di Madar\u00e1sz Deluxe Guest Houses","robots":{"index":"index","follow":"follow","max-snippet":"max-snippet:-1","max-image-preview":"max-image-preview:large","max-video-preview":"max-video-preview:-1"},"canonical":"https:\/\/balatonalmadiszallas.hu\/en\/product\/triple-package\/","og_locale":"en_US","og_type":"article","og_title":"Triple package - Balatonalm\u00e1di Madar\u00e1sz Deluxe Guest Houses","og_description":"Madar\u00e1sz Deluxe Guesthouses are located in Balatonalmadi, near Lake Balaton. [&hellip;]","og_url":"https:\/\/balatonalmadiszallas.hu\/en\/product\/triple-package\/","og_site_name":"Balatonalm\u00e1di Madar\u00e1sz Deluxe Guest Houses","article_modified_time":"2024-06-05T11:49:20+00:00","og_image":[{"width":1024,"height":683,"url":"https:\/\/balatonalmadiszallas.hu\/wp-content\/uploads\/2024\/05\/428441883.jpg","type":"image\/jpeg"}],"twitter_card":"summary_large_image","twitter_misc":{"Est. reading time":"1 minute"},"schema":{"@context":"https:\/\/schema.org","@graph":[{"@type":"WebPage","@id":"https:\/\/balatonalmadiszallas.hu\/en\/product\/triple-package\/","url":"https:\/\/balatonalmadiszallas.hu\/en\/product\/triple-package\/","name":"Triple package - Balatonalm\u00e1di Madar\u00e1sz Deluxe Guest Houses","isPartOf":{"@id":"https:\/\/balatonalmadiszallas.hu\/en\/#website"},"primaryImageOfPage":{"@id":"https:\/\/balatonalmadiszallas.hu\/en\/product\/triple-package\/#primaryimage"},"image":{"@id":"https:\/\/balatonalmadiszallas.hu\/en\/product\/triple-package\/#primaryimage"},"thumbnailUrl":"https:\/\/balatonalmadiszallas.hu\/wp-content\/uploads\/2024\/05\/428441883.jpg","datePublished":"2024-05-16T12:31:47+00:00","dateModified":"2024-06-05T11:49:20+00:00","breadcrumb":{"@id":"https:\/\/balatonalmadiszallas.hu\/en\/product\/triple-package\/#breadcrumb"},"inLanguage":"en-US","potentialAction":[{"@type":"ReadAction","target":["https:\/\/balatonalmadiszallas.hu\/en\/product\/triple-package\/"]}]},{"@type":"ImageObject","inLanguage":"en-US","@id":"https:\/\/balatonalmadiszallas.hu\/en\/product\/triple-package\/#primaryimage","url":"https:\/\/balatonalmadiszallas.hu\/wp-content\/uploads\/2024\/05\/428441883.jpg","contentUrl":"https:\/\/balatonalmadiszallas.hu\/wp-content\/uploads\/2024\/05\/428441883.jpg","width":1024,"height":683},{"@type":"BreadcrumbList","@id":"https:\/\/balatonalmadiszallas.hu\/en\/product\/triple-package\/#breadcrumb","itemListElement":[{"@type":"ListItem","position":1,"name":"Kezd\u0151lap","item":"https:\/\/balatonalmadiszallas.hu\/en\/"},{"@type":"ListItem","position":2,"name":"Vend\u00e9gh\u00e1zak","item":"https:\/\/balatonalmadiszallas.hu\/vendeghazak\/"},{"@type":"ListItem","position":3,"name":"Triple package"}]},{"@type":"WebSite","@id":"https:\/\/balatonalmadiszallas.hu\/en\/#website","url":"https:\/\/balatonalmadiszallas.hu\/en\/","name":"Balatonalm\u00e1di Madar\u00e1sz Deluxe Vend\u00e9gh\u00e1zak","description":"","potentialAction":[{"@type":"SearchAction","target":{"@type":"EntryPoint","urlTemplate":"https:\/\/balatonalmadiszallas.hu\/en\/?s={search_term_string}"},"query-input":{"@type":"PropertyValueSpecification","valueRequired":true,"valueName":"search_term_string"}}],"inLanguage":"en-US"}]}},"_links":{"self":[{"href":"https:\/\/balatonalmadiszallas.hu\/en\/wp-json\/wp\/v2\/product\/2124","targetHints":{"allow":["GET"]}}],"collection":[{"href":"https:\/\/balatonalmadiszallas.hu\/en\/wp-json\/wp\/v2\/product"}],"about":[{"href":"https:\/\/balatonalmadiszallas.hu\/en\/wp-json\/wp\/v2\/types\/product"}],"wp:featuredmedia":[{"embeddable":true,"href":"https:\/\/balatonalmadiszallas.hu\/en\/wp-json\/wp\/v2\/media\/1442"}],"wp:attachment":[{"href":"https:\/\/balatonalmadiszallas.hu\/en\/wp-json\/wp\/v2\/media?parent=2124"}],"wp:term":[{"taxonomy":"product_brand","embeddable":true,"href":"https:\/\/balatonalmadiszallas.hu\/en\/wp-json\/wp\/v2\/product_brand?post=2124"},{"taxonomy":"product_cat","embeddable":true,"href":"https:\/\/balatonalmadiszallas.hu\/en\/wp-json\/wp\/v2\/product_cat?post=2124"},{"taxonomy":"product_tag","embeddable":true,"href":"https:\/\/balatonalmadiszallas.hu\/en\/wp-json\/wp\/v2\/product_tag?post=2124"}],"curies":[{"name":"wp","href":"https:\/\/api.w.org\/{rel}","templated":true}]}}