{"id":2096,"date":"2024-05-16T12:16:20","date_gmt":"2024-05-16T12:16:20","guid":{"rendered":"https:\/\/balatonalmadiszallas.hu\/product\/madarasz-deluxe-guest-house-2\/"},"modified":"2024-06-05T11:46:25","modified_gmt":"2024-06-05T11:46:25","slug":"madarasz-deluxe-guest-house-2","status":"publish","type":"product","link":"https:\/\/balatonalmadiszallas.hu\/en\/product\/madarasz-deluxe-guest-house-2\/","title":{"rendered":"Madar\u00e1sz Deluxe Guest House 2"},"content":{"rendered":"<p>If you&#8217;re looking for total relaxation with a postcard-like landscape in the background, this is the perfect place. From the spacious terrace you can not only enjoy the Balaton sunset or sunrise, but you can also sit out in the private garden with a good glass of wine and gaze at the starry sky. Madar\u00e1sz Deluxe 2 Guesthouse is just a stone&#8217;s throw from Lake Balaton. The living room and guest rooms can accommodate up to 8 people.<\/p>\n","protected":false},"excerpt":{"rendered":"<p>If you&#8217;re looking for total relaxation with a postcard-like landscape [&hellip;]<\/p>\n","protected":false},"featured_media":1618,"template":"","meta":[],"product_brand":[],"product_cat":[26],"product_tag":[],"class_list":{"0":"post-2096","1":"product","2":"type-product","3":"status-publish","4":"has-post-thumbnail","6":"product_cat-booking","8":"first","9":"instock","10":"sold-individually","11":"shipping-taxable","12":"purchasable","13":"product-type-booking"},"yoast_head":"<!-- This site is optimized with the Yoast SEO plugin v27.2 - https:\/\/yoast.com\/product\/yoast-seo-wordpress\/ -->\n<title>Madar\u00e1sz Deluxe Guest House 2 - Balatonalm\u00e1di Madar\u00e1sz Deluxe Guest Houses<\/title>\n<meta name=\"robots\" content=\"index, follow, max-snippet:-1, max-image-preview:large, max-video-preview:-1\" \/>\n<link rel=\"canonical\" href=\"https:\/\/balatonalmadiszallas.hu\/en\/product\/madarasz-deluxe-guest-house-2\/\" \/>\n<meta property=\"og:locale\" content=\"en_US\" \/>\n<meta property=\"og:type\" content=\"article\" \/>\n<meta property=\"og:title\" content=\"Madar\u00e1sz Deluxe Guest House 2 - Balatonalm\u00e1di Madar\u00e1sz Deluxe Guest Houses\" \/>\n<meta property=\"og:description\" content=\"If you&#8217;re looking for total relaxation with a postcard-like landscape [&hellip;]\" \/>\n<meta property=\"og:url\" content=\"https:\/\/balatonalmadiszallas.hu\/en\/product\/madarasz-deluxe-guest-house-2\/\" \/>\n<meta property=\"og:site_name\" content=\"Balatonalm\u00e1di Madar\u00e1sz Deluxe Guest Houses\" \/>\n<meta property=\"article:modified_time\" content=\"2024-06-05T11:46:25+00:00\" \/>\n<meta property=\"og:image\" content=\"https:\/\/balatonalmadiszallas.hu\/wp-content\/uploads\/2024\/05\/1716389220649-scaled.jpg\" \/>\n\t<meta property=\"og:image:width\" content=\"2560\" \/>\n\t<meta property=\"og:image:height\" content=\"1440\" \/>\n\t<meta property=\"og:image:type\" content=\"image\/jpeg\" \/>\n<meta name=\"twitter:card\" content=\"summary_large_image\" \/>\n<script type=\"application\/ld+json\" class=\"yoast-schema-graph\">{\"@context\":\"https:\/\/schema.org\",\"@graph\":[{\"@type\":\"WebPage\",\"@id\":\"https:\/\/balatonalmadiszallas.hu\/en\/product\/madarasz-deluxe-guest-house-2\/\",\"url\":\"https:\/\/balatonalmadiszallas.hu\/en\/product\/madarasz-deluxe-guest-house-2\/\",\"name\":\"Madar\u00e1sz Deluxe Guest House 2 - Balatonalm\u00e1di Madar\u00e1sz Deluxe Guest Houses\",\"isPartOf\":{\"@id\":\"https:\/\/balatonalmadiszallas.hu\/en\/#website\"},\"primaryImageOfPage\":{\"@id\":\"https:\/\/balatonalmadiszallas.hu\/en\/product\/madarasz-deluxe-guest-house-2\/#primaryimage\"},\"image\":{\"@id\":\"https:\/\/balatonalmadiszallas.hu\/en\/product\/madarasz-deluxe-guest-house-2\/#primaryimage\"},\"thumbnailUrl\":\"https:\/\/balatonalmadiszallas.hu\/wp-content\/uploads\/2024\/05\/1716389220649-scaled.jpg\",\"datePublished\":\"2024-05-16T12:16:20+00:00\",\"dateModified\":\"2024-06-05T11:46:25+00:00\",\"breadcrumb\":{\"@id\":\"https:\/\/balatonalmadiszallas.hu\/en\/product\/madarasz-deluxe-guest-house-2\/#breadcrumb\"},\"inLanguage\":\"en-US\",\"potentialAction\":[{\"@type\":\"ReadAction\",\"target\":[\"https:\/\/balatonalmadiszallas.hu\/en\/product\/madarasz-deluxe-guest-house-2\/\"]}]},{\"@type\":\"ImageObject\",\"inLanguage\":\"en-US\",\"@id\":\"https:\/\/balatonalmadiszallas.hu\/en\/product\/madarasz-deluxe-guest-house-2\/#primaryimage\",\"url\":\"https:\/\/balatonalmadiszallas.hu\/wp-content\/uploads\/2024\/05\/1716389220649-scaled.jpg\",\"contentUrl\":\"https:\/\/balatonalmadiszallas.hu\/wp-content\/uploads\/2024\/05\/1716389220649-scaled.jpg\",\"width\":2560,\"height\":1440},{\"@type\":\"BreadcrumbList\",\"@id\":\"https:\/\/balatonalmadiszallas.hu\/en\/product\/madarasz-deluxe-guest-house-2\/#breadcrumb\",\"itemListElement\":[{\"@type\":\"ListItem\",\"position\":1,\"name\":\"Kezd\u0151lap\",\"item\":\"https:\/\/balatonalmadiszallas.hu\/en\/\"},{\"@type\":\"ListItem\",\"position\":2,\"name\":\"Vend\u00e9gh\u00e1zak\",\"item\":\"https:\/\/balatonalmadiszallas.hu\/vendeghazak\/\"},{\"@type\":\"ListItem\",\"position\":3,\"name\":\"Madar\u00e1sz Deluxe Guest House 2\"}]},{\"@type\":\"WebSite\",\"@id\":\"https:\/\/balatonalmadiszallas.hu\/en\/#website\",\"url\":\"https:\/\/balatonalmadiszallas.hu\/en\/\",\"name\":\"Balatonalm\u00e1di Madar\u00e1sz Deluxe Vend\u00e9gh\u00e1zak\",\"description\":\"\",\"potentialAction\":[{\"@type\":\"SearchAction\",\"target\":{\"@type\":\"EntryPoint\",\"urlTemplate\":\"https:\/\/balatonalmadiszallas.hu\/en\/?s={search_term_string}\"},\"query-input\":{\"@type\":\"PropertyValueSpecification\",\"valueRequired\":true,\"valueName\":\"search_term_string\"}}],\"inLanguage\":\"en-US\"}]}<\/script>\n<!-- \/ Yoast SEO plugin. -->","yoast_head_json":{"title":"Madar\u00e1sz Deluxe Guest House 2 - Balatonalm\u00e1di Madar\u00e1sz Deluxe Guest Houses","robots":{"index":"index","follow":"follow","max-snippet":"max-snippet:-1","max-image-preview":"max-image-preview:large","max-video-preview":"max-video-preview:-1"},"canonical":"https:\/\/balatonalmadiszallas.hu\/en\/product\/madarasz-deluxe-guest-house-2\/","og_locale":"en_US","og_type":"article","og_title":"Madar\u00e1sz Deluxe Guest House 2 - Balatonalm\u00e1di Madar\u00e1sz Deluxe Guest Houses","og_description":"If you&#8217;re looking for total relaxation with a postcard-like landscape [&hellip;]","og_url":"https:\/\/balatonalmadiszallas.hu\/en\/product\/madarasz-deluxe-guest-house-2\/","og_site_name":"Balatonalm\u00e1di Madar\u00e1sz Deluxe Guest Houses","article_modified_time":"2024-06-05T11:46:25+00:00","og_image":[{"width":2560,"height":1440,"url":"https:\/\/balatonalmadiszallas.hu\/wp-content\/uploads\/2024\/05\/1716389220649-scaled.jpg","type":"image\/jpeg"}],"twitter_card":"summary_large_image","schema":{"@context":"https:\/\/schema.org","@graph":[{"@type":"WebPage","@id":"https:\/\/balatonalmadiszallas.hu\/en\/product\/madarasz-deluxe-guest-house-2\/","url":"https:\/\/balatonalmadiszallas.hu\/en\/product\/madarasz-deluxe-guest-house-2\/","name":"Madar\u00e1sz Deluxe Guest House 2 - Balatonalm\u00e1di Madar\u00e1sz Deluxe Guest Houses","isPartOf":{"@id":"https:\/\/balatonalmadiszallas.hu\/en\/#website"},"primaryImageOfPage":{"@id":"https:\/\/balatonalmadiszallas.hu\/en\/product\/madarasz-deluxe-guest-house-2\/#primaryimage"},"image":{"@id":"https:\/\/balatonalmadiszallas.hu\/en\/product\/madarasz-deluxe-guest-house-2\/#primaryimage"},"thumbnailUrl":"https:\/\/balatonalmadiszallas.hu\/wp-content\/uploads\/2024\/05\/1716389220649-scaled.jpg","datePublished":"2024-05-16T12:16:20+00:00","dateModified":"2024-06-05T11:46:25+00:00","breadcrumb":{"@id":"https:\/\/balatonalmadiszallas.hu\/en\/product\/madarasz-deluxe-guest-house-2\/#breadcrumb"},"inLanguage":"en-US","potentialAction":[{"@type":"ReadAction","target":["https:\/\/balatonalmadiszallas.hu\/en\/product\/madarasz-deluxe-guest-house-2\/"]}]},{"@type":"ImageObject","inLanguage":"en-US","@id":"https:\/\/balatonalmadiszallas.hu\/en\/product\/madarasz-deluxe-guest-house-2\/#primaryimage","url":"https:\/\/balatonalmadiszallas.hu\/wp-content\/uploads\/2024\/05\/1716389220649-scaled.jpg","contentUrl":"https:\/\/balatonalmadiszallas.hu\/wp-content\/uploads\/2024\/05\/1716389220649-scaled.jpg","width":2560,"height":1440},{"@type":"BreadcrumbList","@id":"https:\/\/balatonalmadiszallas.hu\/en\/product\/madarasz-deluxe-guest-house-2\/#breadcrumb","itemListElement":[{"@type":"ListItem","position":1,"name":"Kezd\u0151lap","item":"https:\/\/balatonalmadiszallas.hu\/en\/"},{"@type":"ListItem","position":2,"name":"Vend\u00e9gh\u00e1zak","item":"https:\/\/balatonalmadiszallas.hu\/vendeghazak\/"},{"@type":"ListItem","position":3,"name":"Madar\u00e1sz Deluxe Guest House 2"}]},{"@type":"WebSite","@id":"https:\/\/balatonalmadiszallas.hu\/en\/#website","url":"https:\/\/balatonalmadiszallas.hu\/en\/","name":"Balatonalm\u00e1di Madar\u00e1sz Deluxe Vend\u00e9gh\u00e1zak","description":"","potentialAction":[{"@type":"SearchAction","target":{"@type":"EntryPoint","urlTemplate":"https:\/\/balatonalmadiszallas.hu\/en\/?s={search_term_string}"},"query-input":{"@type":"PropertyValueSpecification","valueRequired":true,"valueName":"search_term_string"}}],"inLanguage":"en-US"}]}},"_links":{"self":[{"href":"https:\/\/balatonalmadiszallas.hu\/en\/wp-json\/wp\/v2\/product\/2096","targetHints":{"allow":["GET"]}}],"collection":[{"href":"https:\/\/balatonalmadiszallas.hu\/en\/wp-json\/wp\/v2\/product"}],"about":[{"href":"https:\/\/balatonalmadiszallas.hu\/en\/wp-json\/wp\/v2\/types\/product"}],"wp:featuredmedia":[{"embeddable":true,"href":"https:\/\/balatonalmadiszallas.hu\/en\/wp-json\/wp\/v2\/media\/1618"}],"wp:attachment":[{"href":"https:\/\/balatonalmadiszallas.hu\/en\/wp-json\/wp\/v2\/media?parent=2096"}],"wp:term":[{"taxonomy":"product_brand","embeddable":true,"href":"https:\/\/balatonalmadiszallas.hu\/en\/wp-json\/wp\/v2\/product_brand?post=2096"},{"taxonomy":"product_cat","embeddable":true,"href":"https:\/\/balatonalmadiszallas.hu\/en\/wp-json\/wp\/v2\/product_cat?post=2096"},{"taxonomy":"product_tag","embeddable":true,"href":"https:\/\/balatonalmadiszallas.hu\/en\/wp-json\/wp\/v2\/product_tag?post=2096"}],"curies":[{"name":"wp","href":"https:\/\/api.w.org\/{rel}","templated":true}]}}