{"id":2675,"date":"2024-05-30T22:09:52","date_gmt":"2024-05-30T22:09:52","guid":{"rendered":"https:\/\/balatonalmadiszallas.hu\/ueber-uns\/"},"modified":"2024-07-04T13:52:53","modified_gmt":"2024-07-04T13:52:53","slug":"ueber-uns","status":"publish","type":"page","link":"https:\/\/balatonalmadiszallas.hu\/de\/ueber-uns\/","title":{"rendered":"\u00dcber uns"},"content":{"rendered":"<p><div class=\"fusion-fullwidth fullwidth-box fusion-builder-row-1 fusion-flex-container has-pattern-background has-mask-background fusion-parallax-none nonhundred-percent-fullwidth non-hundred-percent-height-scrolling lazyload\" style=\"--awb-background-position:center bottom;--awb-border-radius-top-left:0px;--awb-border-radius-top-right:0px;--awb-border-radius-bottom-right:0px;--awb-border-radius-bottom-left:0px;--awb-padding-top:22%;--awb-padding-top-medium:17%;--awb-padding-top-small:17%;--awb-margin-top-small:-84px;--awb-background-image:linear-gradient(0deg, hsla(var(--awb-color5-h),var(--awb-color5-s),var(--awb-color5-l),calc(var(--awb-color5-a) - 20%)) 0%,hsla(var(--awb-color8-h),var(--awb-color8-s),calc( var(--awb-color8-l) - 20% ),calc( var(--awb-color8-a) - 55% )) 100%);;--awb-background-size:cover;--awb-flex-wrap:wrap;\" data-bg=\"https:\/\/balatonalmadiszallas.hu\/wp-content\/uploads\/2024\/07\/madarasz-vendeghaz-5-nappali.jpg\" data-bg-gradient=\"linear-gradient(0deg, hsla(var(--awb-color5-h),var(--awb-color5-s),var(--awb-color5-l),calc(var(--awb-color5-a) - 20%)) 0%,hsla(var(--awb-color8-h),var(--awb-color8-s),calc( var(--awb-color8-l) - 20% ),calc( var(--awb-color8-a) - 55% )) 100%)\" ><div class=\"fusion-builder-row fusion-row fusion-flex-align-items-flex-start fusion-flex-content-wrap\" style=\"max-width:1185.6px;margin-left: calc(-4% \/ 2 );margin-right: calc(-4% \/ 2 );\"><div class=\"fusion-layout-column fusion_builder_column fusion-builder-column-0 fusion_builder_column_1_1 1_1 fusion-flex-column fusion-animated\" style=\"--awb-padding-top-small:80px;--awb-padding-bottom-small:22%;--awb-bg-position:center center;--awb-bg-size:cover;--awb-width-large:100%;--awb-margin-top-large:0px;--awb-spacing-right-large:1.92%;--awb-margin-bottom-large:0px;--awb-spacing-left-large:1.92%;--awb-width-medium:100%;--awb-order-medium:0;--awb-spacing-right-medium:1.92%;--awb-spacing-left-medium:1.92%;--awb-width-small:100%;--awb-order-small:0;--awb-spacing-right-small:1.92%;--awb-spacing-left-small:1.92%;\" data-animationType=\"fadeInUp\" data-animationDuration=\"1.0\" data-animationOffset=\"top-into-view\" data-scroll-devices=\"small-visibility,medium-visibility,large-visibility\"><div class=\"fusion-column-wrapper fusion-column-has-shadow fusion-flex-justify-content-flex-start fusion-content-layout-column\"><div class=\"fusion-title title fusion-title-1 fusion-sep-none fusion-title-center fusion-title-text fusion-title-size-one\" style=\"--awb-margin-bottom:11%;--awb-margin-bottom-small:0px;--awb-font-size:78px;\"><h1 class=\"fusion-title-heading title-heading-center fusion-responsive-typography-calculated\" style=\"margin:0;font-size:1em;--fontSize:78;line-height:var(--awb-typography1-line-height);\"><pre id=\"tw-target-text\" class=\"tw-data-text tw-text-large tw-ta\" dir=\"ltr\" data-placeholder=\"Ford\u00edt\u00e1s\" aria-label=\"Leford\u00edtott sz\u00f6veg\" data-ved=\"2ahUKEwii47P6vY2HAxXBhf0HHVWeDP4Q3ewLegQIBRAU\"><span class=\"Y2IQFc\" lang=\"de\">\u00dcber uns<\/span><\/pre><\/h1><\/div><\/div><\/div><div class=\"fusion-layout-column fusion_builder_column fusion-builder-column-1 fusion_builder_column_1_1 1_1 fusion-flex-column\" style=\"--awb-bg-size:cover;--awb-width-large:100%;--awb-margin-top-large:0px;--awb-spacing-right-large:1.92%;--awb-margin-bottom-large:0px;--awb-spacing-left-large:1.92%;--awb-width-medium:100%;--awb-spacing-right-medium:1.92%;--awb-spacing-left-medium:1.92%;--awb-width-small:100%;--awb-spacing-right-small:1.92%;--awb-spacing-left-small:1.92%;\"><div class=\"fusion-column-wrapper fusion-column-has-shadow fusion-flex-justify-content-flex-start fusion-content-layout-column\"><div class=\"fusion-section-separator section-separator hills-opacity fusion-section-separator-1\" style=\"--awb-spacer-padding-top:17.7734375%;--awb-svg-margin-left:1.92%;--awb-svg-margin-right:1.92%;--awb-svg-margin-left-medium:1.92%;--awb-svg-margin-right-medium:1.92%;--awb-svg-margin-left-small:1.92%;--awb-svg-margin-right-small:1.92%;--awb-sep-font-size:0;--awb-sep-line-height:0;\"><div class=\"fusion-section-separator-svg\"><svg class=\"fusion-hills-opacity-candy\" xmlns=\"http:\/\/www.w3.org\/2000\/svg\" version=\"1.1\" width=\"100%\" viewBox=\"0 -0.5 1024 182\" preserveAspectRatio=\"none\" fill=\"rgba(255,255,255,1)\"><path class=\"st0\" d=\"M0 182.086h1024V41.593c-28.058-21.504-60.109-37.581-97.075-37.581-112.845 0-198.144 93.798-289.792 93.798S437.658 6.777 351.846 6.777s-142.234 82.125-238.49 82.125c-63.078 0-75.776-31.744-113.357-53.658L0 182.086z\"\/>\n\t\t\t\t\t\t\t\t\t<path class=\"st1\" d=\"M1024 181.062v-75.878c-39.731 15.872-80.794 27.341-117.658 25.805-110.387-4.506-191.795-109.773-325.53-116.224-109.158-5.12-344.166 120.115-429.466 166.298H1024v-.001z\"\/>\n\t\t\t\t\t\t\t\t\t<path class=\"st2\" d=\"M0 182.086h1024V90.028C966.451 59.103 907.059 16.3 824.115 15.071 690.278 13.023 665.19 102.93 482.099 102.93S202.138-1.62 74.24.019C46.49.326 21.811 4.217 0 9.849v172.237z\"\/>\n\t\t\t\t\t\t\t\t\t<path class=\"st3\" d=\"M0 182.086h1024V80.505c-37.171 19.558-80.691 35.328-139.571 36.25-151.142 2.355-141.619-28.57-298.496-29.184s-138.854 47.002-305.459 43.725C132.813 128.428 91.238 44.563 0 28.179v153.907z\"\/>\n\t\t\t\t\t\t\t\t\t<path class=\"st4\" d=\"M0 182.086h1024v-77.312c-49.05 20.07-120.525 42.394-193.229 42.086-128.922-.512-159.846-72.294-255.795-72.294-89.088 0-134.656 80.179-245.043 82.022S169.063 99.346 49.971 97.401C32.768 97.094 16.077 99.244 0 103.135v78.951z\"\/>\n\t\t\t\t\t\t\t\t<\/svg><\/div><div class=\"fusion-section-separator-spacer\"><div class=\"fusion-section-separator-spacer-height\"><\/div><\/div><\/div><\/div><\/div><\/div><\/div><div class=\"fusion-fullwidth fullwidth-box fusion-builder-row-2 fusion-flex-container nonhundred-percent-fullwidth non-hundred-percent-height-scrolling\" style=\"--awb-background-blend-mode:overlay;--awb-border-radius-top-left:0px;--awb-border-radius-top-right:0px;--awb-border-radius-bottom-right:0px;--awb-border-radius-bottom-left:0px;--awb-padding-top:6%;--awb-padding-bottom:6%;--awb-padding-top-small:50px;--awb-padding-bottom-small:50px;--awb-background-image:linear-gradient(0deg, var(--awb-color1) 0%,#ffffff 30%);--awb-flex-wrap:wrap;\" ><div class=\"fusion-builder-row fusion-row fusion-flex-align-items-flex-start fusion-flex-content-wrap\" style=\"max-width:1185.6px;margin-left: calc(-4% \/ 2 );margin-right: calc(-4% \/ 2 );\"><div class=\"fusion-layout-column fusion_builder_column fusion-builder-column-2 fusion_builder_column_1_1 1_1 fusion-flex-column fusion-animated\" style=\"--awb-padding-top:20px;--awb-padding-right:20px;--awb-padding-bottom:20px;--awb-padding-left:18px;--awb-overflow:hidden;--awb-bg-color:var(--awb-color1);--awb-bg-color-hover:var(--awb-color1);--awb-bg-size:cover;--awb-box-shadow:0px 20px 38px 0px hsla(var(--awb-color8-h),var(--awb-color8-s),calc( var(--awb-color8-l) - 20% ),calc( var(--awb-color8-a) - 88% ));;--awb-border-radius:12px 12px 12px 12px;--awb-width-large:100%;--awb-margin-top-large:0px;--awb-spacing-right-large:1.92%;--awb-margin-bottom-large:0px;--awb-spacing-left-large:1.92%;--awb-width-medium:100%;--awb-spacing-right-medium:1.92%;--awb-spacing-left-medium:1.92%;--awb-width-small:100%;--awb-spacing-right-small:1.92%;--awb-spacing-left-small:1.92%;\" data-animationType=\"slideInRight\" data-animationDuration=\"1.0\" data-animationOffset=\"top-into-view\"><div class=\"fusion-column-wrapper fusion-column-has-shadow fusion-flex-justify-content-flex-start fusion-content-layout-column\"><div class=\"fusion-text fusion-text-1 sm-text-align-center\"><p>A Balaton-felvid\u00e9k gy\u00f6ny\u00f6r\u0171, tele mes\u00e9s t\u00e1jakkal, l\u00e1tnival\u00f3kkal \u00e9s kikapcsol\u00f3d\u00e1si lehet\u0151s\u00e9gekkel. Egyed\u00fcl\u00e1ll\u00f3 atmoszf\u00e9r\u00e1j\u00e1nak hangulata r\u00f6gt\u00f6n meg\u00e9rintett minket, amikor el\u0151sz\u00f6r bej\u00e1rtuk a k\u00f6rny\u00e9ket. Ekkor sz\u00fcletett meg a d\u00f6nt\u00e9s, hogy ezt az k\u00fcl\u00f6nleges energi\u00e1kkal rendelkez\u0151 helyet m\u00e1soknak is szeretn\u00e9nk megmutatni. H\u00e1rom b\u00e1jos \u00e9s j\u00f3l felszerelt vend\u00e9gh\u00e1zat \u00e1lmodtunk \u00e9s val\u00f3s\u00edtottunk meg. Az \u00e9p\u00fcletek egym\u00e1s k\u00f6zvetlen szomsz\u00e9ds\u00e1g\u00e1ban tal\u00e1lhat\u00f3k, \u00edgy kiv\u00e1l\u00f3an alkalmasak nagyobb t\u00e1rsas\u00e1gok, t\u00f6bb gener\u00e1ci\u00f3s csal\u00e1dok k\u00f6z\u00f6s nyaral\u00e1s\u00e1nak megszervez\u00e9s\u00e9re is. A Madar\u00e1sz Deluxe Vend\u00e9gh\u00e1z komplexum Balatonalm\u00e1di k\u00f6zpontj\u00e1t\u00f3l \u00e9s a partt\u00f3l csup\u00e1n 10 percre, k\u00f6nnyen megk\u00f6zel\u00edthet\u0151, csod\u00e1s, nyugodt k\u00f6rnyezetben fekszik. A Balaton fest\u0151i l\u00e1tk\u00e9pe innen ak\u00e1r az \u00e1gyb\u00f3l is \u00e9lvezhet\u0151. A h\u00e1zakat l\u00e1gyan hull\u00e1mz\u00f3 sz\u0151l\u0151t\u0151k\u00e9k \u00f6lelik k\u00f6r\u00fcl, ahol nyugodt pihen\u00e9sre, a gy\u00fcm\u00f6lcsf\u00e1k k\u00f6z\u00f6tt pedig bogr\u00e1csoz\u00e1sra \u00e9s grillez\u00e9sre is van lehet\u0151s\u00e9g.<\/p>\n<\/div><\/div><\/div><\/div><\/div><\/p>\n","protected":false},"excerpt":{"rendered":"","protected":false},"author":2,"featured_media":0,"parent":0,"menu_order":0,"comment_status":"closed","ping_status":"closed","template":"100-width.php","meta":{"footnotes":""},"class_list":["post-2675","page","type-page","status-publish","hentry"],"yoast_head":"<!-- This site is optimized with the Yoast SEO plugin v27.2 - https:\/\/yoast.com\/product\/yoast-seo-wordpress\/ -->\n<title>\u00dcber uns - Balatonalm\u00e1di Madar\u00e1sz Deluxe G\u00e4steh\u00e4user<\/title>\n<meta name=\"robots\" content=\"index, follow, max-snippet:-1, max-image-preview:large, max-video-preview:-1\" \/>\n<link rel=\"canonical\" href=\"https:\/\/balatonalmadiszallas.hu\/de\/ueber-uns\/\" \/>\n<meta property=\"og:locale\" content=\"de_DE\" \/>\n<meta property=\"og:type\" content=\"article\" \/>\n<meta property=\"og:title\" content=\"\u00dcber uns - Balatonalm\u00e1di Madar\u00e1sz Deluxe G\u00e4steh\u00e4user\" \/>\n<meta property=\"og:url\" content=\"https:\/\/balatonalmadiszallas.hu\/de\/ueber-uns\/\" \/>\n<meta property=\"og:site_name\" content=\"Balatonalm\u00e1di Madar\u00e1sz Deluxe G\u00e4steh\u00e4user\" \/>\n<meta property=\"article:modified_time\" content=\"2024-07-04T13:52:53+00:00\" \/>\n<meta name=\"twitter:card\" content=\"summary_large_image\" \/>\n<meta name=\"twitter:label1\" content=\"Gesch\u00e4tzte Lesezeit\" \/>\n\t<meta name=\"twitter:data1\" content=\"8\u00a0Minuten\" \/>\n<script type=\"application\/ld+json\" class=\"yoast-schema-graph\">{\"@context\":\"https:\/\/schema.org\",\"@graph\":[{\"@type\":\"WebPage\",\"@id\":\"https:\/\/balatonalmadiszallas.hu\/de\/ueber-uns\/\",\"url\":\"https:\/\/balatonalmadiszallas.hu\/de\/ueber-uns\/\",\"name\":\"\u00dcber uns - Balatonalm\u00e1di Madar\u00e1sz Deluxe G\u00e4steh\u00e4user\",\"isPartOf\":{\"@id\":\"https:\/\/balatonalmadiszallas.hu\/de\/#website\"},\"datePublished\":\"2024-05-30T22:09:52+00:00\",\"dateModified\":\"2024-07-04T13:52:53+00:00\",\"breadcrumb\":{\"@id\":\"https:\/\/balatonalmadiszallas.hu\/de\/ueber-uns\/#breadcrumb\"},\"inLanguage\":\"de\",\"potentialAction\":[{\"@type\":\"ReadAction\",\"target\":[\"https:\/\/balatonalmadiszallas.hu\/de\/ueber-uns\/\"]}]},{\"@type\":\"BreadcrumbList\",\"@id\":\"https:\/\/balatonalmadiszallas.hu\/de\/ueber-uns\/#breadcrumb\",\"itemListElement\":[{\"@type\":\"ListItem\",\"position\":1,\"name\":\"Kezd\u0151lap\",\"item\":\"https:\/\/balatonalmadiszallas.hu\/de\/\"},{\"@type\":\"ListItem\",\"position\":2,\"name\":\"\u00dcber uns\"}]},{\"@type\":\"WebSite\",\"@id\":\"https:\/\/balatonalmadiszallas.hu\/de\/#website\",\"url\":\"https:\/\/balatonalmadiszallas.hu\/de\/\",\"name\":\"Balatonalm\u00e1di Madar\u00e1sz Deluxe Vend\u00e9gh\u00e1zak\",\"description\":\"\",\"potentialAction\":[{\"@type\":\"SearchAction\",\"target\":{\"@type\":\"EntryPoint\",\"urlTemplate\":\"https:\/\/balatonalmadiszallas.hu\/de\/?s={search_term_string}\"},\"query-input\":{\"@type\":\"PropertyValueSpecification\",\"valueRequired\":true,\"valueName\":\"search_term_string\"}}],\"inLanguage\":\"de\"}]}<\/script>\n<!-- \/ Yoast SEO plugin. -->","yoast_head_json":{"title":"\u00dcber uns - Balatonalm\u00e1di Madar\u00e1sz Deluxe G\u00e4steh\u00e4user","robots":{"index":"index","follow":"follow","max-snippet":"max-snippet:-1","max-image-preview":"max-image-preview:large","max-video-preview":"max-video-preview:-1"},"canonical":"https:\/\/balatonalmadiszallas.hu\/de\/ueber-uns\/","og_locale":"de_DE","og_type":"article","og_title":"\u00dcber uns - Balatonalm\u00e1di Madar\u00e1sz Deluxe G\u00e4steh\u00e4user","og_url":"https:\/\/balatonalmadiszallas.hu\/de\/ueber-uns\/","og_site_name":"Balatonalm\u00e1di Madar\u00e1sz Deluxe G\u00e4steh\u00e4user","article_modified_time":"2024-07-04T13:52:53+00:00","twitter_card":"summary_large_image","twitter_misc":{"Gesch\u00e4tzte Lesezeit":"8\u00a0Minuten"},"schema":{"@context":"https:\/\/schema.org","@graph":[{"@type":"WebPage","@id":"https:\/\/balatonalmadiszallas.hu\/de\/ueber-uns\/","url":"https:\/\/balatonalmadiszallas.hu\/de\/ueber-uns\/","name":"\u00dcber uns - Balatonalm\u00e1di Madar\u00e1sz Deluxe G\u00e4steh\u00e4user","isPartOf":{"@id":"https:\/\/balatonalmadiszallas.hu\/de\/#website"},"datePublished":"2024-05-30T22:09:52+00:00","dateModified":"2024-07-04T13:52:53+00:00","breadcrumb":{"@id":"https:\/\/balatonalmadiszallas.hu\/de\/ueber-uns\/#breadcrumb"},"inLanguage":"de","potentialAction":[{"@type":"ReadAction","target":["https:\/\/balatonalmadiszallas.hu\/de\/ueber-uns\/"]}]},{"@type":"BreadcrumbList","@id":"https:\/\/balatonalmadiszallas.hu\/de\/ueber-uns\/#breadcrumb","itemListElement":[{"@type":"ListItem","position":1,"name":"Kezd\u0151lap","item":"https:\/\/balatonalmadiszallas.hu\/de\/"},{"@type":"ListItem","position":2,"name":"\u00dcber uns"}]},{"@type":"WebSite","@id":"https:\/\/balatonalmadiszallas.hu\/de\/#website","url":"https:\/\/balatonalmadiszallas.hu\/de\/","name":"Balatonalm\u00e1di Madar\u00e1sz Deluxe Vend\u00e9gh\u00e1zak","description":"","potentialAction":[{"@type":"SearchAction","target":{"@type":"EntryPoint","urlTemplate":"https:\/\/balatonalmadiszallas.hu\/de\/?s={search_term_string}"},"query-input":{"@type":"PropertyValueSpecification","valueRequired":true,"valueName":"search_term_string"}}],"inLanguage":"de"}]}},"_links":{"self":[{"href":"https:\/\/balatonalmadiszallas.hu\/de\/wp-json\/wp\/v2\/pages\/2675","targetHints":{"allow":["GET"]}}],"collection":[{"href":"https:\/\/balatonalmadiszallas.hu\/de\/wp-json\/wp\/v2\/pages"}],"about":[{"href":"https:\/\/balatonalmadiszallas.hu\/de\/wp-json\/wp\/v2\/types\/page"}],"author":[{"embeddable":true,"href":"https:\/\/balatonalmadiszallas.hu\/de\/wp-json\/wp\/v2\/users\/2"}],"replies":[{"embeddable":true,"href":"https:\/\/balatonalmadiszallas.hu\/de\/wp-json\/wp\/v2\/comments?post=2675"}],"version-history":[{"count":2,"href":"https:\/\/balatonalmadiszallas.hu\/de\/wp-json\/wp\/v2\/pages\/2675\/revisions"}],"predecessor-version":[{"id":2677,"href":"https:\/\/balatonalmadiszallas.hu\/de\/wp-json\/wp\/v2\/pages\/2675\/revisions\/2677"}],"wp:attachment":[{"href":"https:\/\/balatonalmadiszallas.hu\/de\/wp-json\/wp\/v2\/media?parent=2675"}],"curies":[{"name":"wp","href":"https:\/\/api.w.org\/{rel}","templated":true}]}}