{"id":1571,"date":"2024-05-22T05:36:09","date_gmt":"2024-05-22T05:36:09","guid":{"rendered":"https:\/\/balatonalmadiszallas.hu\/allgemeine-vertragsbedingungen\/"},"modified":"2024-07-04T13:26:27","modified_gmt":"2024-07-04T13:26:27","slug":"allgemeine-vertragsbedingungen","status":"publish","type":"page","link":"https:\/\/balatonalmadiszallas.hu\/de\/allgemeine-vertragsbedingungen\/","title":{"rendered":"Allgemeine Vertragsbedingungen"},"content":{"rendered":"","protected":false},"excerpt":{"rendered":"","protected":false},"author":2,"featured_media":0,"parent":0,"menu_order":0,"comment_status":"closed","ping_status":"closed","template":"","meta":{"footnotes":""},"class_list":["post-1571","page","type-page","status-publish","hentry"],"yoast_head":"<!-- This site is optimized with the Yoast SEO plugin v27.2 - https:\/\/yoast.com\/product\/yoast-seo-wordpress\/ -->\n<title>Allgemeine Vertragsbedingungen - Balatonalm\u00e1di Madar\u00e1sz Deluxe G\u00e4steh\u00e4user<\/title>\n<meta name=\"robots\" content=\"noindex, follow\" \/>\n<meta property=\"og:locale\" content=\"de_DE\" \/>\n<meta property=\"og:type\" content=\"article\" \/>\n<meta property=\"og:title\" content=\"Allgemeine Vertragsbedingungen - Balatonalm\u00e1di Madar\u00e1sz Deluxe G\u00e4steh\u00e4user\" \/>\n<meta property=\"og:url\" content=\"https:\/\/balatonalmadiszallas.hu\/de\/allgemeine-vertragsbedingungen\/\" \/>\n<meta property=\"og:site_name\" content=\"Balatonalm\u00e1di Madar\u00e1sz Deluxe G\u00e4steh\u00e4user\" \/>\n<meta property=\"article:modified_time\" content=\"2024-07-04T13:26:27+00:00\" \/>\n<meta name=\"twitter:card\" content=\"summary_large_image\" \/>\n<script type=\"application\/ld+json\" class=\"yoast-schema-graph\">{\"@context\":\"https:\/\/schema.org\",\"@graph\":[{\"@type\":\"WebPage\",\"@id\":\"https:\/\/balatonalmadiszallas.hu\/de\/allgemeine-vertragsbedingungen\/\",\"url\":\"https:\/\/balatonalmadiszallas.hu\/de\/allgemeine-vertragsbedingungen\/\",\"name\":\"Allgemeine Vertragsbedingungen - Balatonalm\u00e1di Madar\u00e1sz Deluxe G\u00e4steh\u00e4user\",\"isPartOf\":{\"@id\":\"https:\/\/balatonalmadiszallas.hu\/de\/#website\"},\"datePublished\":\"2024-05-22T05:36:09+00:00\",\"dateModified\":\"2024-07-04T13:26:27+00:00\",\"breadcrumb\":{\"@id\":\"https:\/\/balatonalmadiszallas.hu\/de\/allgemeine-vertragsbedingungen\/#breadcrumb\"},\"inLanguage\":\"de\",\"potentialAction\":[{\"@type\":\"ReadAction\",\"target\":[\"https:\/\/balatonalmadiszallas.hu\/de\/allgemeine-vertragsbedingungen\/\"]}]},{\"@type\":\"BreadcrumbList\",\"@id\":\"https:\/\/balatonalmadiszallas.hu\/de\/allgemeine-vertragsbedingungen\/#breadcrumb\",\"itemListElement\":[{\"@type\":\"ListItem\",\"position\":1,\"name\":\"Kezd\u0151lap\",\"item\":\"https:\/\/balatonalmadiszallas.hu\/de\/\"},{\"@type\":\"ListItem\",\"position\":2,\"name\":\"Allgemeine Vertragsbedingungen\"}]},{\"@type\":\"WebSite\",\"@id\":\"https:\/\/balatonalmadiszallas.hu\/de\/#website\",\"url\":\"https:\/\/balatonalmadiszallas.hu\/de\/\",\"name\":\"Balatonalm\u00e1di Madar\u00e1sz Deluxe Vend\u00e9gh\u00e1zak\",\"description\":\"\",\"potentialAction\":[{\"@type\":\"SearchAction\",\"target\":{\"@type\":\"EntryPoint\",\"urlTemplate\":\"https:\/\/balatonalmadiszallas.hu\/de\/?s={search_term_string}\"},\"query-input\":{\"@type\":\"PropertyValueSpecification\",\"valueRequired\":true,\"valueName\":\"search_term_string\"}}],\"inLanguage\":\"de\"}]}<\/script>\n<!-- \/ Yoast SEO plugin. -->","yoast_head_json":{"title":"Allgemeine Vertragsbedingungen - Balatonalm\u00e1di Madar\u00e1sz Deluxe G\u00e4steh\u00e4user","robots":{"index":"noindex","follow":"follow"},"og_locale":"de_DE","og_type":"article","og_title":"Allgemeine Vertragsbedingungen - Balatonalm\u00e1di Madar\u00e1sz Deluxe G\u00e4steh\u00e4user","og_url":"https:\/\/balatonalmadiszallas.hu\/de\/allgemeine-vertragsbedingungen\/","og_site_name":"Balatonalm\u00e1di Madar\u00e1sz Deluxe G\u00e4steh\u00e4user","article_modified_time":"2024-07-04T13:26:27+00:00","twitter_card":"summary_large_image","schema":{"@context":"https:\/\/schema.org","@graph":[{"@type":"WebPage","@id":"https:\/\/balatonalmadiszallas.hu\/de\/allgemeine-vertragsbedingungen\/","url":"https:\/\/balatonalmadiszallas.hu\/de\/allgemeine-vertragsbedingungen\/","name":"Allgemeine Vertragsbedingungen - Balatonalm\u00e1di Madar\u00e1sz Deluxe G\u00e4steh\u00e4user","isPartOf":{"@id":"https:\/\/balatonalmadiszallas.hu\/de\/#website"},"datePublished":"2024-05-22T05:36:09+00:00","dateModified":"2024-07-04T13:26:27+00:00","breadcrumb":{"@id":"https:\/\/balatonalmadiszallas.hu\/de\/allgemeine-vertragsbedingungen\/#breadcrumb"},"inLanguage":"de","potentialAction":[{"@type":"ReadAction","target":["https:\/\/balatonalmadiszallas.hu\/de\/allgemeine-vertragsbedingungen\/"]}]},{"@type":"BreadcrumbList","@id":"https:\/\/balatonalmadiszallas.hu\/de\/allgemeine-vertragsbedingungen\/#breadcrumb","itemListElement":[{"@type":"ListItem","position":1,"name":"Kezd\u0151lap","item":"https:\/\/balatonalmadiszallas.hu\/de\/"},{"@type":"ListItem","position":2,"name":"Allgemeine Vertragsbedingungen"}]},{"@type":"WebSite","@id":"https:\/\/balatonalmadiszallas.hu\/de\/#website","url":"https:\/\/balatonalmadiszallas.hu\/de\/","name":"Balatonalm\u00e1di Madar\u00e1sz Deluxe Vend\u00e9gh\u00e1zak","description":"","potentialAction":[{"@type":"SearchAction","target":{"@type":"EntryPoint","urlTemplate":"https:\/\/balatonalmadiszallas.hu\/de\/?s={search_term_string}"},"query-input":{"@type":"PropertyValueSpecification","valueRequired":true,"valueName":"search_term_string"}}],"inLanguage":"de"}]}},"_links":{"self":[{"href":"https:\/\/balatonalmadiszallas.hu\/de\/wp-json\/wp\/v2\/pages\/1571","targetHints":{"allow":["GET"]}}],"collection":[{"href":"https:\/\/balatonalmadiszallas.hu\/de\/wp-json\/wp\/v2\/pages"}],"about":[{"href":"https:\/\/balatonalmadiszallas.hu\/de\/wp-json\/wp\/v2\/types\/page"}],"author":[{"embeddable":true,"href":"https:\/\/balatonalmadiszallas.hu\/de\/wp-json\/wp\/v2\/users\/2"}],"replies":[{"embeddable":true,"href":"https:\/\/balatonalmadiszallas.hu\/de\/wp-json\/wp\/v2\/comments?post=1571"}],"version-history":[{"count":1,"href":"https:\/\/balatonalmadiszallas.hu\/de\/wp-json\/wp\/v2\/pages\/1571\/revisions"}],"predecessor-version":[{"id":2634,"href":"https:\/\/balatonalmadiszallas.hu\/de\/wp-json\/wp\/v2\/pages\/1571\/revisions\/2634"}],"wp:attachment":[{"href":"https:\/\/balatonalmadiszallas.hu\/de\/wp-json\/wp\/v2\/media?parent=1571"}],"curies":[{"name":"wp","href":"https:\/\/api.w.org\/{rel}","templated":true}]}}